{"id":6,"date":"2020-12-04T11:58:31","date_gmt":"2020-12-04T10:58:31","guid":{"rendered":"http:\/\/vanzetl.cluster030.hosting.ovh.net\/?page_id=6"},"modified":"2023-07-18T10:31:13","modified_gmt":"2023-07-18T08:31:13","slug":"accueil","status":"publish","type":"page","link":"https:\/\/vanzetto.avocat.fr\/","title":{"rendered":""},"content":{"rendered":"<div class=\"col-md-5\"><\/div>\n<h5><span style=\"color: #781f13;\">Dignit\u00e9, conscience, ind\u00e9pendance, probit\u00e9 et humanit\u00e9.<\/span><\/h5>\n<p><span style=\"color: #000000;\"><span><span class=\"has-inline-color has-black-color\"><strong>Thomas VANZETTO est avocat au barreau de Paris.<\/strong> Il exerce sur l\u2019\u00eele de la Cit\u00e9, en face de la Cour d\u2019appel o\u00f9 il a pr\u00eat\u00e9 le serment des avocats. Apr\u00e8s un premier rendez-vous, il d\u00e9terminera avec vous la <strong>strat\u00e9gie proc\u00e9durale<\/strong> la plus pertinente. Votre avocat vous proposera le mode de r\u00e9mun\u00e9ration le plus adapt\u00e9 \u00e0 votre situation.<strong> Les honoraires<\/strong> sont \u00e9tablis en fonction de la nature du litige, la complexit\u00e9 du dossier, le temps pass\u00e9, les int\u00e9r\u00eats en jeux et votre situation personnelle ou encore \u00e0<strong> l\u2019aide juridictionnelle.<\/strong> <\/span><\/span><\/span><\/p>\n<h5><\/h5>\n<h5><span style=\"color: #781f13;\"><strong>En garde \u00e0 vue : gardez le silence !<\/strong><\/span><\/h5>\n<p><span style=\"color: #000000;\">Ma\u00eetre Thomas VANZETTO vous assiste en <strong>droit p\u00e9nal des personnes et des biens <\/strong>ainsi qu&#8217;en<strong> droit p\u00e9nal num\u00e9rique<\/strong>. Il vous assiste d\u00e8s la premi\u00e8re minute de votre garde-\u00e0-vue, lors de l\u2019instruction pr\u00e9paratoire devant le juge d\u2019instruction et le juge des libert\u00e9s et de la d\u00e9tention. Il vous repr\u00e9sente devant les juridictions de jugement (tribunal de police, tribunal correctionnel et cour d\u2019assises) ainsi que devant le juge d\u2019application des peines et les juridictions disciplinaires.<\/span><strong><span style=\"color: #781f13;\"><\/span><\/strong><\/p>\n<h5 style=\"text-align: left;\"><span style=\"color: #781f13;\">Vous \u00eatres victime d\u2019une infraction : ne d\u00e9posez pas plainte au commissariat. C<\/span><span style=\"color: #781f13;\">onsultez un avocat !<\/span><strong><span><br><\/span><\/strong><\/h5>\n<p><span style=\"color: #000000;\">Si vous \u00eates <strong>victime<\/strong>, Ma\u00eetre VANZETTO vous aide \u00e0 faire reconna\u00eetre vos droits, par la r\u00e9daction de plaintes et en vous repr\u00e9sentant lors de l\u2019instruction. Il vous assiste devant les juridictions de jugement et la saisie des fonds de garantie. <\/span><span style=\"color: #333333;\"><strong><\/strong><strong><\/strong><strong><\/strong><strong><\/strong>Votre Avocat intervient en <strong>droit p\u00e9nal num\u00e9rique<\/strong>&nbsp;pour toutes<strong> les atteintes aux personnes et infractions commises sur internet<\/strong> comme le <strong>cyber-harc\u00e8lement<\/strong> ou le<\/span><strong><span style=\"color: #333333;\"> revengeporn.<\/span> <\/strong><\/p>\n\n\n<hr class=\"wp-block-separator is-style-wide\"\/>\n\n\n\n<div style=\"height:34px\" aria-hidden=\"true\" class=\"wp-block-spacer\"><\/div>\n\n\n\n<div class=\"wp-block-columns\">\n<div class=\"wp-block-column\">\n<div class=\"wp-block-cover has-black-background-color has-background-dim has-custom-content-position is-position-top-center\" style=\"min-height:317px\"><div class=\"wp-block-cover__inner-container\">\n<p class=\"has-text-align-center\"><strong>DROIT P\u00c9NAL<\/strong> <strong>DES <\/strong><br><strong>PERSONNES<\/strong><\/p>\n\n\n\n<div style=\"height:20px\" aria-hidden=\"true\" class=\"wp-block-spacer\"><\/div>\n\n\n\n<ul><li><strong>Atteintes aux personnes et \u00e0 la vie<\/strong><\/li><li><strong>Infractions sexuelles<\/strong><\/li><li><strong>Menaces et injures<\/strong><\/li><li><strong>Stup\u00e9fiants<\/strong><\/li><li><strong>Violences<\/strong><\/li><li><strong>Permis de conduire<\/strong><\/li><\/ul>\n\n\n\n<div style=\"height:20px\" aria-hidden=\"true\" class=\"wp-block-spacer\"><\/div>\n<\/div><\/div>\n<\/div>\n\n\n\n<div class=\"wp-block-column\" style=\"flex-basis:0.8%\">\n<div style=\"height:41px\" aria-hidden=\"true\" class=\"wp-block-spacer\"><\/div>\n<\/div>\n\n\n\n<div class=\"wp-block-column\">\n<div class=\"wp-block-cover has-black-background-color has-background-dim has-custom-content-position is-position-top-center\" style=\"min-height:317px\"><div class=\"wp-block-cover__inner-container\">\n<p class=\"has-text-align-center\"><strong>DROIT P\u00c9NAL DES <\/strong><br><strong>BIENS<\/strong><\/p>\n\n\n\n<div style=\"height:20px\" aria-hidden=\"true\" class=\"wp-block-spacer\"><\/div>\n\n\n\n<ul><li><strong>Abus de confiance<\/strong><\/li><li><strong>D\u00e9gradations de biens<\/strong><\/li><li><strong>Escroquerie<\/strong><\/li><li><strong>Extorsion<\/strong><\/li><li><strong>Faux et usages <\/strong><\/li><li><strong>Vol<\/strong><\/li><li><strong>Recel<\/strong><\/li><\/ul>\n\n\n\n<div style=\"height:20px\" aria-hidden=\"true\" class=\"wp-block-spacer\"><\/div>\n<\/div><\/div>\n<\/div>\n\n\n\n<div class=\"wp-block-column\" style=\"flex-basis:0.8%\">\n<div style=\"height:41px\" aria-hidden=\"true\" class=\"wp-block-spacer\"><\/div>\n<\/div>\n\n\n\n<div class=\"wp-block-column\">\n<div class=\"wp-block-cover has-accent-background-color has-background-dim has-custom-content-position is-position-top-center\" style=\"min-height:317px\"><div class=\"wp-block-cover__inner-container\">\n<p class=\"has-text-align-center\"><strong>DROIT P\u00c9NAL <\/strong><br><strong>NUM\u00c9RIQUE<\/strong><\/p>\n\n\n\n<div style=\"height:20px\" aria-hidden=\"true\" class=\"wp-block-spacer\"><\/div>\n\n\n\n<ul><li><strong>Apologies<\/strong><\/li><li><strong>Injures<\/strong><\/li><li><strong>Diffamation sur les r\u00e9seaux<\/strong><\/li><li><strong>Discriminations<\/strong><\/li><li><strong>Harc\u00e8lement de meute<\/strong><\/li><li><strong>Haines en ligne<\/strong><\/li><li><strong>Menace de commettre un crime <\/strong><\/li><li><strong>Revenge porn<\/strong><\/li><\/ul>\n\n\n\n<div style=\"height:20px\" aria-hidden=\"true\" class=\"wp-block-spacer\"><\/div>\n<\/div><\/div>\n\n\n\n<p><\/p>\n<\/div>\n<\/div>\n\n\n\n<div class=\"wp-block-group\"><div class=\"wp-block-group__inner-container\"><\/div><\/div>\n\n\n\n<div class=\"wp-block-columns\">\n<div class=\"wp-block-column\"><\/div>\n\n\n\n<div class=\"wp-block-column\"><\/div>\n\n\n\n<div class=\"wp-block-column\"><\/div>\n<\/div>\n\n\n\n<div style=\"height:34px\" aria-hidden=\"true\" class=\"wp-block-spacer\"><\/div>\n\n\n\n<p><\/p>\n\n\n\n<hr class=\"wp-block-separator is-style-wide\"\/>\n\n\n\n<div class=\"wp-block-group\"><div class=\"wp-block-group__inner-container\">\n<div class=\"wp-block-image\"><figure class=\"aligncenter size-large is-resized\"><img loading=\"lazy\" src=\"http:\/\/vanzetto.avocat.fr\/wp-content\/uploads\/2020\/12\/Sans-titre-3-1024x696.jpg\" alt=\"\" class=\"wp-image-221\" width=\"177\" height=\"121\" srcset=\"https:\/\/vanzetto.avocat.fr\/wp-content\/uploads\/2020\/12\/Sans-titre-3-1024x696.jpg 1024w, https:\/\/vanzetto.avocat.fr\/wp-content\/uploads\/2020\/12\/Sans-titre-3-300x204.jpg 300w, https:\/\/vanzetto.avocat.fr\/wp-content\/uploads\/2020\/12\/Sans-titre-3-768x522.jpg 768w, https:\/\/vanzetto.avocat.fr\/wp-content\/uploads\/2020\/12\/Sans-titre-3.jpg 1424w\" sizes=\"(max-width: 177px) 100vw, 177px\" \/><\/figure><\/div>\n<\/div><\/div>\n\n\n<p style=\"text-align: center;\"><span style=\"color: #ffffff;\"><span class=\"has-inline-color has-black-color\"><strong><span style=\"color: #ffffff;\">&#8211;<\/span><\/strong><\/span><\/span><\/p>\n<p style=\"text-align: center;\"><span style=\"color: #000000;\"><span class=\"has-inline-color has-black-color\"><strong>THOMAS VANZETTO<br>3 BOULEVARD DU PALAIS &#8211; 75004 PARIS<br><span style=\"color: #000000;\">06 79 17 97 80<\/span><br><span style=\"color: #781f13;\"><a href=\"mailto:CONTACT@VANZETTO.AVOCAT.FR\" style=\"color: #781f13;\">CONTACT@VANZETTO.AVOCAT.FR<\/a><\/span><br><\/strong><\/span><\/span><\/p>\n<p class=\"has-text-align-center has-accent-color has-text-color\"><\/p>\n\n\n<div style=\"height:34px\" aria-hidden=\"true\" class=\"wp-block-spacer\"><\/div>\n\n\n\n<div class=\"wp-block-group\"><div class=\"wp-block-group__inner-container\">\n<div style=\"height:100px\" aria-hidden=\"true\" class=\"wp-block-spacer\"><\/div>\n<\/div><\/div>\n\n\n\n<p><\/p>\n\n\n\n<p><\/p>\n\n\n\n<p><\/p>\n","protected":false},"excerpt":{"rendered":"<p>Dignit\u00e9, conscience, ind\u00e9pendance, probit\u00e9 et humanit\u00e9. Thomas VANZETTO est avocat au barreau de Paris. Il exerce sur l\u2019\u00eele de la Cit\u00e9, en face de la Cour d\u2019appel o\u00f9 il a pr\u00eat\u00e9 le serment des avocats. Apr\u00e8s un premier rendez-vous, il d\u00e9terminera avec vous la strat\u00e9gie proc\u00e9durale la plus pertinente. Votre [&hellip;]<\/p>\n","protected":false},"author":1,"featured_media":165,"parent":0,"menu_order":0,"comment_status":"closed","ping_status":"closed","template":"","meta":[],"_links":{"self":[{"href":"https:\/\/vanzetto.avocat.fr\/index.php\/wp-json\/wp\/v2\/pages\/6"}],"collection":[{"href":"https:\/\/vanzetto.avocat.fr\/index.php\/wp-json\/wp\/v2\/pages"}],"about":[{"href":"https:\/\/vanzetto.avocat.fr\/index.php\/wp-json\/wp\/v2\/types\/page"}],"author":[{"embeddable":true,"href":"https:\/\/vanzetto.avocat.fr\/index.php\/wp-json\/wp\/v2\/users\/1"}],"replies":[{"embeddable":true,"href":"https:\/\/vanzetto.avocat.fr\/index.php\/wp-json\/wp\/v2\/comments?post=6"}],"version-history":[{"count":215,"href":"https:\/\/vanzetto.avocat.fr\/index.php\/wp-json\/wp\/v2\/pages\/6\/revisions"}],"predecessor-version":[{"id":622,"href":"https:\/\/vanzetto.avocat.fr\/index.php\/wp-json\/wp\/v2\/pages\/6\/revisions\/622"}],"wp:featuredmedia":[{"embeddable":true,"href":"https:\/\/vanzetto.avocat.fr\/index.php\/wp-json\/wp\/v2\/media\/165"}],"wp:attachment":[{"href":"https:\/\/vanzetto.avocat.fr\/index.php\/wp-json\/wp\/v2\/media?parent=6"}],"curies":[{"name":"wp","href":"https:\/\/api.w.org\/{rel}","templated":true}]}}